{"id":451,"date":"2018-08-06T11:55:56","date_gmt":"2018-08-06T09:55:56","guid":{"rendered":"http:\/\/farminggadgets.com\/?page_id=451"},"modified":"2018-08-31T10:02:49","modified_gmt":"2018-08-31T08:02:49","slug":"konfigurering-og-kalibrering","status":"publish","type":"page","link":"http:\/\/farminggadgets.com\/index.php\/farminggadgets\/farm-butler\/konfigurering-og-kalibrering\/","title":{"rendered":"Kalibrering, Indstilling og Nulstilling"},"content":{"rendered":"<h4>1. Hvordan Kalibreres lemmen\/d\u00f8ren?<\/h4>\n<div class='printomatic pom-default ' id='id6944'  data-print_target='article'><\/div>\n<p>Lemmen\/d\u00f8ren skal kalibreres, s\u00e5 den kan \u00e5bne helt op og lukke helt i. Denne kalibrering fortages, n\u00e5r du har monteret og tilsluttet Farm Butler.<\/p>\n<p>Det f\u00f8rste du g\u00f8r er, at stille dig ud ved din Farm Butler og dern\u00e6st logge ind p\u00e5 din konto og tryk p\u00e5 IP-adresse feltet (Din IP-adresse kan v\u00e6re forskellig fra billedet).<\/p>\n<p>Se billede nedenfor:<\/p>\n<p><img loading=\"lazy\" class=\"alignnone size-full wp-image-501\" src=\"http:\/\/farminggadgets.com\/wp-content\/uploads\/2018\/08\/WebMenu2-1.png\" alt=\"\" width=\"650\" height=\"151\" srcset=\"http:\/\/farminggadgets.com\/wp-content\/uploads\/2018\/08\/WebMenu2-1.png 650w, http:\/\/farminggadgets.com\/wp-content\/uploads\/2018\/08\/WebMenu2-1-300x70.png 300w\" sizes=\"(max-width: 650px) 100vw, 650px\" \/><\/p>\n<p>Herefter kommer f\u00f8lgende sk\u00e6rmbillede, hvor du skal trykke p\u00e5 knappen, Kalibr\u00e9r d\u00f8r:<\/p>\n<p><img loading=\"lazy\" class=\"alignleft wp-image-505 size-medium\" src=\"http:\/\/farminggadgets.com\/wp-content\/uploads\/2018\/08\/MobileScreen2-185x300.png\" alt=\"\" width=\"185\" height=\"300\" srcset=\"http:\/\/farminggadgets.com\/wp-content\/uploads\/2018\/08\/MobileScreen2-185x300.png 185w, http:\/\/farminggadgets.com\/wp-content\/uploads\/2018\/08\/MobileScreen2-768x1244.png 768w, http:\/\/farminggadgets.com\/wp-content\/uploads\/2018\/08\/MobileScreen2-632x1024.png 632w, http:\/\/farminggadgets.com\/wp-content\/uploads\/2018\/08\/MobileScreen2.png 1440w\" sizes=\"(max-width: 185px) 100vw, 185px\" \/><\/p>\n<p>&nbsp;<\/p>\n<p>&nbsp;<\/p>\n<p>&nbsp;<\/p>\n<p>&nbsp;<\/p>\n<p>&nbsp;<\/p>\n<p>&nbsp;<\/p>\n<p>&nbsp;<\/p>\n<p>&nbsp;<\/p>\n<p>&nbsp;<\/p>\n<p>Efterf\u00f8lgende fremkommer Kalibreringssiden, hvor du skal f\u00f8lge trinene p\u00e5 sk\u00e6rmen.<\/p>\n<p>N\u00e5r du er f\u00e6rdig skal du trykke gem:<\/p>\n<p><img loading=\"lazy\" class=\"alignleft wp-image-506\" src=\"http:\/\/farminggadgets.com\/wp-content\/uploads\/2018\/08\/MobileScreen3-1024x576.png\" alt=\"\" width=\"650\" height=\"366\" srcset=\"http:\/\/farminggadgets.com\/wp-content\/uploads\/2018\/08\/MobileScreen3-1024x576.png 1024w, http:\/\/farminggadgets.com\/wp-content\/uploads\/2018\/08\/MobileScreen3-300x169.png 300w, http:\/\/farminggadgets.com\/wp-content\/uploads\/2018\/08\/MobileScreen3-768x432.png 768w\" sizes=\"(max-width: 650px) 100vw, 650px\" \/><\/p>\n<p>&nbsp;<\/p>\n<p>&nbsp;<\/p>\n<p>&nbsp;<\/p>\n<p>&nbsp;<\/p>\n<p>&nbsp;<\/p>\n<p>&nbsp;<\/p>\n<p>&nbsp;<\/p>\n<p>&nbsp;<\/p>\n<p>&nbsp;<\/p>\n<h4><\/h4>\n<p>&nbsp;<\/p>\n<h4>2. Hvordan Indstilles Farm Butler?<\/h4>\n<p>Indstillingerne af Farm Butler findes ved, at trykke p\u00e5 tandhjulet, som vist nedenfor:<\/p>\n<p><img loading=\"lazy\" class=\"alignleft size-full wp-image-498\" src=\"http:\/\/farminggadgets.com\/wp-content\/uploads\/2018\/08\/WebMenu1-1.png\" alt=\"\" width=\"650\" height=\"151\" srcset=\"http:\/\/farminggadgets.com\/wp-content\/uploads\/2018\/08\/WebMenu1-1.png 650w, http:\/\/farminggadgets.com\/wp-content\/uploads\/2018\/08\/WebMenu1-1-300x70.png 300w\" sizes=\"(max-width: 650px) 100vw, 650px\" \/><\/p>\n<p>&nbsp;<\/p>\n<p>&nbsp;<\/p>\n<p>&nbsp;<\/p>\n<p>&nbsp;<\/p>\n<p>&nbsp;<\/p>\n<p>Sk\u00e6rmbilledet nedenfor viser de indstillingmuligheder der er for Farm Butler:<\/p>\n<p><img loading=\"lazy\" class=\"alignleft size-full wp-image-529\" src=\"http:\/\/farminggadgets.com\/wp-content\/uploads\/2018\/08\/WebMenu3.png\" alt=\"\" width=\"650\" height=\"402\" srcset=\"http:\/\/farminggadgets.com\/wp-content\/uploads\/2018\/08\/WebMenu3.png 650w, http:\/\/farminggadgets.com\/wp-content\/uploads\/2018\/08\/WebMenu3-300x186.png 300w\" sizes=\"(max-width: 650px) 100vw, 650px\" \/><\/p>\n<p>&nbsp;<\/p>\n<p>&nbsp;<\/p>\n<p>&nbsp;<\/p>\n<p>&nbsp;<\/p>\n<p>&nbsp;<\/p>\n<p>&nbsp;<\/p>\n<p>&nbsp;<\/p>\n<p>&nbsp;<\/p>\n<p>&nbsp;<\/p>\n<p>&nbsp;<\/p>\n<p>&nbsp;<\/p>\n<h4>3. Hvordan Nulstilles Farm Butler?<\/h4>\n<p>S\u00e5fremt du senere fortryder dine indstillinger, kan du nulstille Farm Butler ved, at holde reset-knappen inden i ca. 10 sekunder.<\/p>\n<p><img loading=\"lazy\" class=\" wp-image-491 alignright\" src=\"http:\/\/farminggadgets.com\/wp-content\/uploads\/2018\/08\/nulstilling2-300x286.jpeg\" alt=\"\" width=\"197\" height=\"188\" srcset=\"http:\/\/farminggadgets.com\/wp-content\/uploads\/2018\/08\/nulstilling2-300x286.jpeg 300w, http:\/\/farminggadgets.com\/wp-content\/uploads\/2018\/08\/nulstilling2.jpeg 301w\" sizes=\"(max-width: 197px) 100vw, 197px\" \/><\/p>\n<p>Knappen befinder sig i h\u00f8jre side af Farm Butler (et lille hul under lysdioden). Du kan eventuelt benytte enden af en papirklips til at trykke p\u00e5 knappen. Farm Butler er nulstillet n\u00e5r lysdioden blinker orange.<\/p>\n<p>Hvis du \u00f8nsker, at s\u00e6lge din Farm Butler videre, b\u00f8r du ogs\u00e5 nulstille Farm Butler inden salg.<\/p>\n","protected":false},"excerpt":{"rendered":"<p>1. Hvordan Kalibreres lemmen\/d\u00f8ren? Lemmen\/d\u00f8ren skal kalibreres, s\u00e5 den kan \u00e5bne helt op og lukke helt i. Denne kalibrering fortages,<\/p>\n","protected":false},"author":1,"featured_media":0,"parent":94,"menu_order":4,"comment_status":"closed","ping_status":"closed","template":"","meta":[],"_links":{"self":[{"href":"http:\/\/farminggadgets.com\/index.php\/wp-json\/wp\/v2\/pages\/451"}],"collection":[{"href":"http:\/\/farminggadgets.com\/index.php\/wp-json\/wp\/v2\/pages"}],"about":[{"href":"http:\/\/farminggadgets.com\/index.php\/wp-json\/wp\/v2\/types\/page"}],"author":[{"embeddable":true,"href":"http:\/\/farminggadgets.com\/index.php\/wp-json\/wp\/v2\/users\/1"}],"replies":[{"embeddable":true,"href":"http:\/\/farminggadgets.com\/index.php\/wp-json\/wp\/v2\/comments?post=451"}],"version-history":[{"count":38,"href":"http:\/\/farminggadgets.com\/index.php\/wp-json\/wp\/v2\/pages\/451\/revisions"}],"predecessor-version":[{"id":531,"href":"http:\/\/farminggadgets.com\/index.php\/wp-json\/wp\/v2\/pages\/451\/revisions\/531"}],"up":[{"embeddable":true,"href":"http:\/\/farminggadgets.com\/index.php\/wp-json\/wp\/v2\/pages\/94"}],"wp:attachment":[{"href":"http:\/\/farminggadgets.com\/index.php\/wp-json\/wp\/v2\/media?parent=451"}],"curies":[{"name":"wp","href":"https:\/\/api.w.org\/{rel}","templated":true}]}}