{"id":324,"date":"2018-04-21T14:05:44","date_gmt":"2018-04-21T12:05:44","guid":{"rendered":"http:\/\/farminggadgets.com\/?page_id=324"},"modified":"2018-08-06T11:57:34","modified_gmt":"2018-08-06T09:57:34","slug":"faq","status":"publish","type":"page","link":"http:\/\/farminggadgets.com\/index.php\/farminggadgets\/farm-butler\/faq\/","title":{"rendered":"FAQ"},"content":{"rendered":"            <div class=\"qae-faqs-container qae-faqs-list-container\">\n\t\t\t\t\t\t\t<ul class=\"qe-faqs-filters-container\">\n\t\t\t\t<li><a class=\"qe-faqs-filter\" href=\"#\" data-filter=\"*\">All<\/a><\/li>\n\t\t\t\t<li><a class=\"qe-faqs-filter\" href=\"#\u2019FarmButler\u2019\" data-filter=\".\u2019FarmButler\u2019\">FarmButler<\/a><\/li>\t\t\t<\/ul>\n\t\t\t<ol class=\"qe-faqs-index-list\"><div id=\"qe-faqs-index\" class=\"qe-faqs-index\">\t\t\t\t\n\t\t\t\t\t<li class=\"farmbutler\">\n\t\t\t\t\t\t<a href=\"#qaef-456\">Skal jeg v\u00e6lge Hotspot eller Wifi?<\/a>\n\t\t\t\t\t<\/li>\n\t\t\t\t\n\t\t\t\t\t\t\t\t\n\t\t\t\t\t<li class=\"farmbutler\">\n\t\t\t\t\t\t<a href=\"#qaef-361\">Hvordan nulstilles Farm Butler?<\/a>\n\t\t\t\t\t<\/li>\n\t\t\t\t\n\t\t\t\t<\/div><\/ol>\t\t<div id=\"qaef-456\" class=\"qe-faq-list farmbutler\">\n\t\t\t<div class=\"qe-list-title\">\n\t\t\t\t<h4>\n\t\t\t\t\t<i class=\"fa fa-question-circle\"><\/i> Skal jeg v\u00e6lge Hotspot eller Wifi?\t\t\t\t<\/h4>\n\t\t\t<\/div>\n\t\t\t<div class=\"qe-list-content\">\n\t\t\t\t<p>N\u00e5r du konfigurere din Farm Butler f\u00f8rste gang skal du belsutte dig for, om Farm Butler skal k\u00f8re Wifi-mode eller Hotspot-mode.<\/p>\n<ul>\n<li>Du b\u00f8r v\u00e6lge Wifi-mode, hvis du er 100% sikker p\u00e5, at dit tr\u00e5dl\u00f8se hjemme-netv\u00e6rk (Wifi) kan r\u00e6kke ud til det sted, hvor Farm Butler skal placeres. Dette kan du f\u00e5 en id\u00e9 om, hvis din smartphone har d\u00e6kning p\u00e5 den forventede placering af Farm Butler.<\/li>\n<li>Du b\u00f8r v\u00e6lge Hotspot-mode, hvis dit hjemme-netv\u00e6rk ikke kan r\u00e6kke ud til den forventede placering af Farm Butler. I denne mode skal du v\u00e6re opm\u00e6rksom p\u00e5, at du skal v\u00e6re indenfor Farm Butlers WiFi r\u00e6kkevidde med din SmartPhone eller Tablet for at kunne Konfigurere og Kalibrere boksen.<\/li>\n<\/ul>\n<p>Du f\u00e5r mest ud af dit Farm Butler produkt i Wifi-mode og det kan anbefales, at anskaffe en Wifi-Extender, hvis det tr\u00e5dl\u00f8se-hjemme netv\u00e6rk ikke kan r\u00e6kke ud til placeringen af Farm Butler.<\/p>\n<br \/><a class=\"qe-faq-top\" href=\"#qe-faqs-index\"><i class=\"fa fa-angle-up\"><\/i> Back to Index<\/a>\t\t\t<\/div>\n\t\t<\/div>\n\t\t\t\t<div id=\"qaef-361\" class=\"qe-faq-list farmbutler\">\n\t\t\t<div class=\"qe-list-title\">\n\t\t\t\t<h4>\n\t\t\t\t\t<i class=\"fa fa-question-circle\"><\/i> Hvordan nulstilles Farm Butler?\t\t\t\t<\/h4>\n\t\t\t<\/div>\n\t\t\t<div class=\"qe-list-content\">\n\t\t\t\t<p>S\u00e5fremt du senere fortryder din indstilling, kan du nulstille Farm Butler ved, at holde reset-knappen inden i ca. 10 sekunder. Du kan eventuelt benytte en enden af en papirklips til at trykke p\u00e5 knappen. Farm Butler er nulstillet n\u00e5r lysdioden blinker orange.<\/p>\n<p>Hvis du \u00f8nsker, at s\u00e6lge din Farm Butler videre, b\u00f8r du ogs\u00e5 nulstille Farm Butler inden salg.<\/p>\n<br \/><a class=\"qe-faq-top\" href=\"#qe-faqs-index\"><i class=\"fa fa-angle-up\"><\/i> Back to Index<\/a>\t\t\t<\/div>\n\t\t<\/div>\n\t\t            <\/div>\n\t\t\n","protected":false},"excerpt":{"rendered":"","protected":false},"author":1,"featured_media":0,"parent":94,"menu_order":6,"comment_status":"closed","ping_status":"closed","template":"","meta":[],"_links":{"self":[{"href":"http:\/\/farminggadgets.com\/index.php\/wp-json\/wp\/v2\/pages\/324"}],"collection":[{"href":"http:\/\/farminggadgets.com\/index.php\/wp-json\/wp\/v2\/pages"}],"about":[{"href":"http:\/\/farminggadgets.com\/index.php\/wp-json\/wp\/v2\/types\/page"}],"author":[{"embeddable":true,"href":"http:\/\/farminggadgets.com\/index.php\/wp-json\/wp\/v2\/users\/1"}],"replies":[{"embeddable":true,"href":"http:\/\/farminggadgets.com\/index.php\/wp-json\/wp\/v2\/comments?post=324"}],"version-history":[{"count":3,"href":"http:\/\/farminggadgets.com\/index.php\/wp-json\/wp\/v2\/pages\/324\/revisions"}],"predecessor-version":[{"id":327,"href":"http:\/\/farminggadgets.com\/index.php\/wp-json\/wp\/v2\/pages\/324\/revisions\/327"}],"up":[{"embeddable":true,"href":"http:\/\/farminggadgets.com\/index.php\/wp-json\/wp\/v2\/pages\/94"}],"wp:attachment":[{"href":"http:\/\/farminggadgets.com\/index.php\/wp-json\/wp\/v2\/media?parent=324"}],"curies":[{"name":"wp","href":"https:\/\/api.w.org\/{rel}","templated":true}]}}