{"id":110,"date":"2018-04-09T08:10:58","date_gmt":"2018-04-09T08:10:58","guid":{"rendered":"http:\/\/farminggadgets.com\/?page_id=110"},"modified":"2019-02-20T09:37:53","modified_gmt":"2019-02-20T07:37:53","slug":"farm-butler-quick-guide","status":"publish","type":"page","link":"http:\/\/farminggadgets.com\/index.php\/farminggadgets\/farm-butler\/farm-butler-quick-guide\/","title":{"rendered":"Quick Guide"},"content":{"rendered":"<h4>1. Har du f\u00e5et det hele med?<\/h4>\n<div class='printomatic pom-default ' id='id4291'  data-print_target='article'><\/div>\n<p>Pakken du har modtaget indeholder:<\/p>\n<ul>\n<li>Farm Butler med 3m 230V kabel<\/li>\n<li>2m snor til at fastg\u00f8re h\u00f8nselem eller d\u00f8r<\/li>\n<li>4 skruer til montage<\/li>\n<li>2 Trisser + 2 skruer<\/li>\n<\/ul>\n<p>Nedenfor kan du se en video mht. udpakning af Farm Butler.<\/p>\n<div style=\"width: 800px;\" class=\"wp-video\"><!--[if lt IE 9]><script>document.createElement('video');<\/script><![endif]-->\n<video class=\"wp-video-shortcode\" id=\"video-110-1\" width=\"800\" height=\"450\" preload=\"metadata\" controls=\"controls\"><source type=\"video\/mp4\" src=\"http:\/\/farminggadgets.com\/wp-content\/uploads\/2019\/02\/FarmButler_QuickSetup1_DK_20190215_V01.mp4?_=1\" \/><a href=\"http:\/\/farminggadgets.com\/wp-content\/uploads\/2019\/02\/FarmButler_QuickSetup1_DK_20190215_V01.mp4\">http:\/\/farminggadgets.com\/wp-content\/uploads\/2019\/02\/FarmButler_QuickSetup1_DK_20190215_V01.mp4<\/a><\/video><\/div>\n<h4><\/h4>\n<h4>2. F\u00f8rste opstart<\/h4>\n<p>Inden boksen monteres p\u00e5 eksempelvis h\u00f8nsehuset, b\u00f8r den konfigureres og testes f\u00f8rst.<\/p>\n<p>Nedenfor kan du se en video mht. hvordan ops\u00e6tning, konfigurering og test af Farm Butler foreg\u00e5r.<\/p>\n<div style=\"width: 800px;\" class=\"wp-video\"><video class=\"wp-video-shortcode\" id=\"video-110-2\" width=\"800\" height=\"450\" preload=\"metadata\" controls=\"controls\"><source type=\"video\/mp4\" src=\"http:\/\/farminggadgets.com\/wp-content\/uploads\/2019\/02\/FarmButler_WifiSetup1_DK_20190220_V01.mp4?_=2\" \/><a href=\"http:\/\/farminggadgets.com\/wp-content\/uploads\/2019\/02\/FarmButler_WifiSetup1_DK_20190220_V01.mp4\">http:\/\/farminggadgets.com\/wp-content\/uploads\/2019\/02\/FarmButler_WifiSetup1_DK_20190220_V01.mp4<\/a><\/video><\/div>\n<p>Du b\u00f8r f\u00f8rst kontrollerer, at der er forbindelse til dit wifi netv\u00e6rk fra dit h\u00f8nsehus. Forbind din smartphone eller tablet til dit tr\u00e5dl\u00f8se WiFi netv\u00e6rk og g\u00e5 til h\u00f8nsehuset. Hvis der er d\u00e6kning og fornuftigt signaler det sandsynligt, at boksen ogs\u00e5 vil have det.<\/p>\n<p>Tilslut boksen til en stikkontakt og kontroll\u00e9r, at den orange lysdiode blinker p\u00e5 h\u00f8jre side af boksen.\u00a0Herefter tag din smartphone\/tablet, aktiv\u00e9r WiFi og s\u00f8g efter et tr\u00e5dl\u00f8st netv\u00e6rk, som starter med bogstaverne \u201dFBU_\u201d og slutter p\u00e5 et ID, som dette:<\/p>\n<p><img loading=\"lazy\" class=\"alignnone size-medium wp-image-155\" src=\"http:\/\/farminggadgets.com\/wp-content\/uploads\/2018\/04\/wifi_network-300x145.png\" alt=\"\" width=\"300\" height=\"145\" srcset=\"http:\/\/farminggadgets.com\/wp-content\/uploads\/2018\/04\/wifi_network-300x145.png 300w, http:\/\/farminggadgets.com\/wp-content\/uploads\/2018\/04\/wifi_network.png 482w\" sizes=\"(max-width: 300px) 100vw, 300px\" \/><\/p>\n<p>Tilslut din smartphone eller tablet til boksens tr\u00e5dl\u00f8se netv\u00e6rk indtil det ser ud som ovenst\u00e5ende.\u00a0Der kan komme en information mht., at der ikke kan skabes internet forbindelse, hvilket er normalt.<\/p>\n<p><strong>Din enhed kan k\u00f8re i 2 forskellige indstillinger:<\/strong><\/p>\n<p><strong>WiFi-Mode (ANBEFALET)<\/strong><br \/>\nHer forbinder boksen til dit normale WIFI netv\u00e6rk og g\u00e5r online p\u00e5 internettet, hvor du kan benytte den fulde funktionalitet af boksen som f.eks:<\/p>\n<ul>\n<li>\u00c5bne\/lukke n\u00e5r du ikke er hjemme<\/li>\n<li>Styring baseret p\u00e5 solens tider<\/li>\n<li>Se status for boksen over tid (grafer)<\/li>\n<\/ul>\n<p><strong>HotSpot-Mode (Ingen WiFi d\u00e6kning)<\/strong><br \/>\nHvis eksempelvis din h\u00f8nseg\u00e5rd er udenfor r\u00e6kkevidde af dit wifi netv\u00e6rk vil FarmButler ikke have adgang til internettet og du b\u00f8r derfor v\u00e6lge denne tilstand.\u00a0Boksen vil oprette sit eget wifi netv\u00e6rk som du kan forbinde til via din smartphone eller tablet , hvor du kan konfigurere din enhed.<br \/>\n<strong>Note:<\/strong> I hotspot mode kan du ikke benytte alle internet faciliteter, s\u00e5som sol opgang\/nedgang og status.<\/p>\n<p>\u00c5ben nu en internet browser (som f.eks Chrome) og indtast f\u00f8lgende adresse:\u00a0<strong>http:\/\/192.168.4.20<\/strong><br \/>\nOg du skulle se f\u00f8lgende:<\/p>\n<p><img loading=\"lazy\" class=\"alignnone size-medium wp-image-479\" src=\"http:\/\/farminggadgets.com\/wp-content\/uploads\/2018\/08\/menu1-300x286.png\" alt=\"\" width=\"300\" height=\"286\" srcset=\"http:\/\/farminggadgets.com\/wp-content\/uploads\/2018\/08\/menu1-300x286.png 300w, http:\/\/farminggadgets.com\/wp-content\/uploads\/2018\/08\/menu1-768x732.png 768w, http:\/\/farminggadgets.com\/wp-content\/uploads\/2018\/08\/menu1-1024x976.png 1024w, http:\/\/farminggadgets.com\/wp-content\/uploads\/2018\/08\/menu1.png 1440w\" sizes=\"(max-width: 300px) 100vw, 300px\" \/><br \/>\nV\u00e6lg nu din \u00f8nskede indstilling, enten WiFi eller HotSpot.<\/p>\n<p><strong>Hvis du har valgt WiFi-Mode skal du:<\/strong><br \/>\nV\u00e6lge dit WiFi netv\u00e6rk, indtaste kodeord og derefter tryk gem. FarmButler er nu p\u00e5 dit tr\u00e5dl\u00f8se netv\u00e6rk og klar til montering og efterf\u00f8lgende indstilling.<\/p>\n<p>L\u00e6s om montage af FarmButler her: <strong><a href=\"http:\/\/farminggadgets.com\/index.php\/farminggadgets\/farm-butler\/installation\/\">Montage<\/a><\/strong><\/p>\n<p>N\u00e5r din FarmButler er monteret kan du oprette din egen konto, hvor\u00a0du indstille og l\u00f8bende f\u00f8lge status p\u00e5 din FarmButler fra hele verden.<\/p>\n<p>Opret din konto her: <a href=\"http:\/\/farminggadgets.com\/farmbutler\/login.php\">Opret Konto<\/a><\/p>\n<p><strong>God forn\u00f8jelse med din FarmButler!<\/strong><\/p>\n","protected":false},"excerpt":{"rendered":"<p>1. Har du f\u00e5et det hele med? Pakken du har modtaget indeholder: Farm Butler med 3m 230V kabel 2m snor<\/p>\n","protected":false},"author":1,"featured_media":0,"parent":94,"menu_order":1,"comment_status":"closed","ping_status":"closed","template":"","meta":[],"_links":{"self":[{"href":"http:\/\/farminggadgets.com\/index.php\/wp-json\/wp\/v2\/pages\/110"}],"collection":[{"href":"http:\/\/farminggadgets.com\/index.php\/wp-json\/wp\/v2\/pages"}],"about":[{"href":"http:\/\/farminggadgets.com\/index.php\/wp-json\/wp\/v2\/types\/page"}],"author":[{"embeddable":true,"href":"http:\/\/farminggadgets.com\/index.php\/wp-json\/wp\/v2\/users\/1"}],"replies":[{"embeddable":true,"href":"http:\/\/farminggadgets.com\/index.php\/wp-json\/wp\/v2\/comments?post=110"}],"version-history":[{"count":54,"href":"http:\/\/farminggadgets.com\/index.php\/wp-json\/wp\/v2\/pages\/110\/revisions"}],"predecessor-version":[{"id":563,"href":"http:\/\/farminggadgets.com\/index.php\/wp-json\/wp\/v2\/pages\/110\/revisions\/563"}],"up":[{"embeddable":true,"href":"http:\/\/farminggadgets.com\/index.php\/wp-json\/wp\/v2\/pages\/94"}],"wp:attachment":[{"href":"http:\/\/farminggadgets.com\/index.php\/wp-json\/wp\/v2\/media?parent=110"}],"curies":[{"name":"wp","href":"https:\/\/api.w.org\/{rel}","templated":true}]}}