{"id":108,"date":"2018-04-09T08:09:25","date_gmt":"2018-04-09T06:09:25","guid":{"rendered":"http:\/\/farminggadgets.com\/?page_id=108"},"modified":"2018-08-06T12:08:38","modified_gmt":"2018-08-06T10:08:38","slug":"farm-butler-tekniske-dokumenter","status":"publish","type":"page","link":"http:\/\/farminggadgets.com\/index.php\/farminggadgets\/farm-butler\/farm-butler-tekniske-dokumenter\/","title":{"rendered":"Sikkerhed og Teknisk Information"},"content":{"rendered":"<h4>Generelt for Farm Butler<\/h4>\n<div class='printomatic pom-default ' id='id1685'  data-print_target='article'><\/div>\n<p>Farm Butler er et produkt, der kan hj\u00e6lpe med til, at g\u00f8re hverdagen lettere ift., at man ikke skal ud tidligt om morgenen og lukke op for dyrene samt om aftenen, at lukke igen.<\/p>\n<p>Farm Butler er <strong>IKKE<\/strong> et produkt, der n\u00f8dvendigvis kan sikre dyrernes sikkerhed. Det betyder, at dyrene eksempelvis h\u00f8ns, stadig b\u00f8r indhegnes ift., at r\u00e6ven eller andre rovdyr ikke kan komme ind til bes\u00e6tningen.<\/p>\n<p>Endvidere skal det sikres, at d\u00f8ren\/lemmen altid glider som den skal. Det betyder, at d\u00f8ren\/lemmen skal v\u00e6re fri for blade, kviste, is, sne og andet, der kan forhindre den i, at glide korrekt.<\/p>\n<h4>Mekaniske specifikationer:<\/h4>\n<p><img loading=\"lazy\" class=\" wp-image-238 alignright\" src=\"http:\/\/farminggadgets.com\/wp-content\/uploads\/2018\/04\/FarmButler3D_03-300x252.png\" alt=\"\" width=\"411\" height=\"345\" srcset=\"http:\/\/farminggadgets.com\/wp-content\/uploads\/2018\/04\/FarmButler3D_03-300x252.png 300w, http:\/\/farminggadgets.com\/wp-content\/uploads\/2018\/04\/FarmButler3D_03-768x646.png 768w, http:\/\/farminggadgets.com\/wp-content\/uploads\/2018\/04\/FarmButler3D_03.png 908w\" sizes=\"(max-width: 411px) 100vw, 411px\" \/><\/p>\n<p><strong>M\u00e5l:<\/strong><\/p>\n<p>Bredde: 170mm, H\u00f8jde: 120mm, Dybde: 55mm<\/p>\n<p><strong>V\u00e6gt:<\/strong><\/p>\n<p>980 gram<\/p>\n<p><strong>IP (T\u00e6thedsgrad):<\/strong><\/p>\n<p>IP32<\/p>\n<h4>Elektriske specifikationer:<\/h4>\n<p><strong>Forsyningssp\u00e6nding:<\/strong><\/p>\n<p>90 &#8211; 240 VAC, 50\/60 Hz<\/p>\n<p><strong>Effektforbrug:<\/strong><\/p>\n<p>Ca. 0,9 Watt ved normal drift<\/p>\n<p>Ca. 11 Watt maksimalt forbrug n\u00e5r motor k\u00f8rer<\/p>\n<p><strong>Operationel temperatur:<\/strong><\/p>\n<p>-20\u00b0C til +70\u00b0C<\/p>\n<p><strong>Rel\u00e6er:<\/strong><\/p>\n<p>Maksimal slutte\/bryde sp\u00e6nding: 240 VAC<\/p>\n<p>Maksimal slutte\/bryde str\u00f8m: 13 A<\/p>\n<p><strong>Forsyningskabel:<\/strong><\/p>\n<p><img loading=\"lazy\" class=\" wp-image-245 alignright\" src=\"http:\/\/farminggadgets.com\/wp-content\/uploads\/2018\/04\/CableCEE7-7-300x159.jpg\" alt=\"\" width=\"190\" height=\"101\" srcset=\"http:\/\/farminggadgets.com\/wp-content\/uploads\/2018\/04\/CableCEE7-7-300x159.jpg 300w, http:\/\/farminggadgets.com\/wp-content\/uploads\/2018\/04\/CableCEE7-7-768x406.jpg 768w, http:\/\/farminggadgets.com\/wp-content\/uploads\/2018\/04\/CableCEE7-7-1024x542.jpg 1024w, http:\/\/farminggadgets.com\/wp-content\/uploads\/2018\/04\/CableCEE7-7-390x205.jpg 390w\" sizes=\"(max-width: 190px) 100vw, 190px\" \/><\/p>\n<p>Forsyningskablet b\u00f8r v\u00e6re minimum en 2-leder (Fase og nul) og med en ydre diameter p\u00e5 ca. 8mm, hvilket skal sikre kabelforskrueningerne lukker t\u00e6t. Kablet skal opfylde kravet til en sp\u00e6nding og str\u00f8m p\u00e5 hhv. 230V\/13A. De fleste installationskabler opfylder disse krav. Et tilegnet kabel kan tilk\u00f8bes p\u00e5 webshoppen.<\/p>\n<p><strong>Rel\u00e6kabel:<\/strong><\/p>\n<p><img loading=\"lazy\" class=\"alignright wp-image-244\" src=\"http:\/\/farminggadgets.com\/wp-content\/uploads\/2018\/04\/CableCEE7-5-300x261.jpg\" alt=\"\" width=\"190\" height=\"166\" srcset=\"http:\/\/farminggadgets.com\/wp-content\/uploads\/2018\/04\/CableCEE7-5-300x261.jpg 300w, http:\/\/farminggadgets.com\/wp-content\/uploads\/2018\/04\/CableCEE7-5-768x668.jpg 768w, http:\/\/farminggadgets.com\/wp-content\/uploads\/2018\/04\/CableCEE7-5-1024x891.jpg 1024w\" sizes=\"(max-width: 190px) 100vw, 190px\" \/><\/p>\n<p>Forsyningskablet b\u00f8r v\u00e6re minimum en 2-leder (Fase og nul) og med en ydre diameter p\u00e5 ca. 8mm, hvilket skal sikre kabelforskrueningerne lukker t\u00e6t. Kablet skal opfylde kravet til en sp\u00e6nding og str\u00f8m p\u00e5 hhv. 230V\/13A. De fleste installationskabler opfylder disse krav. Et tilegnet kabel kan tilk\u00f8bes p\u00e5 webshoppen.<\/p>\n<p><strong>Beskyttelsesklasse:<\/strong><\/p>\n<p>Klasse 2 produkt<\/p>\n<h4>Lovkrav og m\u00e6rkning:<\/h4>\n<p><strong>CE-m\u00e6rkning iht:<\/strong><\/p>\n<p>EN 60335-1:2012<\/p>\n<p>EN 301 489-1 V2.2.0<\/p>\n<p>EN 300 328 V2.1.1<\/p>\n<p><strong>Andre m\u00e6rkninger:<\/strong><\/p>\n<p>FCC ID: 2AHMR-ESP12F<\/p>\n","protected":false},"excerpt":{"rendered":"<p>Generelt for Farm Butler Farm Butler er et produkt, der kan hj\u00e6lpe med til, at g\u00f8re hverdagen lettere ift., at<\/p>\n","protected":false},"author":1,"featured_media":0,"parent":94,"menu_order":5,"comment_status":"closed","ping_status":"closed","template":"","meta":[],"_links":{"self":[{"href":"http:\/\/farminggadgets.com\/index.php\/wp-json\/wp\/v2\/pages\/108"}],"collection":[{"href":"http:\/\/farminggadgets.com\/index.php\/wp-json\/wp\/v2\/pages"}],"about":[{"href":"http:\/\/farminggadgets.com\/index.php\/wp-json\/wp\/v2\/types\/page"}],"author":[{"embeddable":true,"href":"http:\/\/farminggadgets.com\/index.php\/wp-json\/wp\/v2\/users\/1"}],"replies":[{"embeddable":true,"href":"http:\/\/farminggadgets.com\/index.php\/wp-json\/wp\/v2\/comments?post=108"}],"version-history":[{"count":33,"href":"http:\/\/farminggadgets.com\/index.php\/wp-json\/wp\/v2\/pages\/108\/revisions"}],"predecessor-version":[{"id":455,"href":"http:\/\/farminggadgets.com\/index.php\/wp-json\/wp\/v2\/pages\/108\/revisions\/455"}],"up":[{"embeddable":true,"href":"http:\/\/farminggadgets.com\/index.php\/wp-json\/wp\/v2\/pages\/94"}],"wp:attachment":[{"href":"http:\/\/farminggadgets.com\/index.php\/wp-json\/wp\/v2\/media?parent=108"}],"curies":[{"name":"wp","href":"https:\/\/api.w.org\/{rel}","templated":true}]}}